{"id":1077,"date":"2024-07-02T10:22:12","date_gmt":"2024-07-02T08:22:12","guid":{"rendered":"http:\/\/cateedrale.de\/startseite\/de\/cateedrale\/?page_id=1077"},"modified":"2025-10-21T16:12:42","modified_gmt":"2025-10-21T14:12:42","slug":"nadruk","status":"publish","type":"page","link":"https:\/\/cateedrale.de\/startseite\/de\/cateedrale\/pl\/nadruk\/","title":{"rendered":"Nadruk"},"content":{"rendered":"\n<p>Informacje zgodnie z \u00a7 5 TMG:<\/p>\n\n\n\n<p>Obszar odpowiedzialno\u015bci: Odcisk dotyczy wy\u0142\u0105cznie strony internetowej pod adresem internetowym <a href=\"http:\/\/cateedrale.de\" data-type=\"link\" data-id=\"cateedrale.de\">www.cateedrale.de<\/a>.<\/p>\n\n\n\n<p>Rozgraniczenie: Strona internetowa jest cz\u0119\u015bci\u0105 sieci WWW i w zwi\u0105zku z tym jest powi\u0105zana z zewn\u0119trznymi stronami internetowymi, kt\u00f3re mog\u0105 ulec zmianie w dowolnym momencie, kt\u00f3re w zwi\u0105zku z tym nie podlegaj\u0105 niniejszemu zakresowi odpowiedzialno\u015bci i do kt\u00f3rych poni\u017csze informacje nie maj\u0105 zastosowania. Fakt, \u017ce linki nie naruszaj\u0105 dobrych obyczaj\u00f3w lub prawa, zosta\u0142 sprawdzony dok\u0142adnie raz: przed ich umieszczeniem tutaj. Takie linki, kt\u00f3re prowadz\u0105 do zewn\u0119trznych projekt\u00f3w internetowych, mo\u017cna rozpozna\u0107 po zmieniaj\u0105cym si\u0119 adresie URL (adresie internetowym) po ich klikni\u0119ciu.<\/p>\n\n\n\n<p>Dostawca us\u0142ug: Ca-Tee-Drale e.V.<\/p>\n\n\n\n<p>Zarejestrowany pod: VR 6150, rejestr stowarzysze\u0144, s\u0105d rejonowy w Dre\u017anie<\/p>\n\n\n\n<p>Odpowiedzialne osoby kontaktowe: Edwin Schneider (przewodnicz\u0105cy)<\/p>\n\n\n\n<p>Adres: Christoph-L\u00fcders-Stra\u00dfe 47, 02826 G\u00f6rlitz<\/p>\n\n\n\n<p>Adres poczty elektronicznej: <a href=\"mailto:catee@cateedrale.de\">catee@cateedrale.de<\/a><\/p>\n\n\n\n<p>Szybka komunikacja elektroniczna i bezpo\u015brednia: Tel. 03581 315948<\/p>\n\n\n\n<p>Cel tego projektu internetowego: Prezentacja stowarzyszenia i publikacja informacji<\/p>\n\n\n\n<p>Zarz\u0105d stowarzyszenia: Edwin Schneider (przewodnicz\u0105cy) i Norbert Schmidt (wiceprzewodnicz\u0105cy), Mario Schneider (wsp\u00f3\u0142przewodnicz\u0105cy), Reinhard H\u00f6hne (wsp\u00f3\u0142przewodnicz\u0105cy)<\/p>\n\n\n\n<p class=\"has-large-font-size\">Ochrona praw autorskich i u\u017cytkowanie<\/p>\n\n\n\n<p>Autor wyra\u017anie przyznaje u\u017cytkownikowi prawo do sporz\u0105dzenia prywatnej kopii do cel\u00f3w osobistych. U\u017cytkownik nie jest jednak upowa\u017cniony do modyfikowania materia\u0142\u00f3w i\/lub ich przekazywania, a nawet samodzielnego publikowania. O ile wyra\u017anie nie zaznaczono inaczej, Ca-Tee-Drale e.V. posiada prawa autorskie do tekst\u00f3w.<\/p>\n\n\n\n<p>Wi\u0119kszo\u015b\u0107 zdj\u0119\u0107 podlega prawom autorskim Ca-Tee-Drale e.V., podobnie jak og\u00f3lnodost\u0119pne bazy zdj\u0119\u0107 na licencji CC0 (np. pixabay.com).<\/p>\n\n\n\n<p><a href=\"http:\/\/cateedrale.de\/startseite\/de\/cateedrale\/pl\/polityka-prywatnosci\/\" data-type=\"page\" data-id=\"1069\">Polityka prywatno\u015bci<\/a> znajduje si\u0119 na osobnej stronie.<\/p>\n\n\n\n<p>Brak odpowiedzialno\u015bci: Zawarto\u015b\u0107 tego projektu internetowego zosta\u0142a starannie sprawdzona i opracowana zgodnie z nasz\u0105 najlepsz\u0105 wiedz\u0105. Jednak\u017ce nie ro\u015bcimy sobie \u017cadnych praw do kompletno\u015bci, aktualno\u015bci, jako\u015bci i poprawno\u015bci przedstawionych tu informacji. Nie ponosimy odpowiedzialno\u015bci za szkody spowodowane poleganiem na zawarto\u015bci tej strony internetowej lub jej wykorzystaniem.<\/p>\n\n\n\n<p>Naruszenie praw w\u0142asno\u015bci przemys\u0142owej: Je\u015bli podejrzewasz, \u017ce jedno z Twoich praw w\u0142asno\u015bci przemys\u0142owej zosta\u0142o naruszone przez t\u0119 stron\u0119 internetow\u0105, prosimy o niezw\u0142oczne powiadomienie nas poczt\u0105 elektroniczn\u0105, aby\u015bmy mogli podj\u0105\u0107 natychmiastowe dzia\u0142ania naprawcze. Uwaga: Bardziej czasoch\u0142onne zaanga\u017cowanie prawnika w celu wydania ostrze\u017cenia na koszt us\u0142ugodawcy nie odpowiada faktycznemu lub domniemanemu zamiarowi us\u0142ugodawcy.<\/p>\n","protected":false},"excerpt":{"rendered":"<p>Informacje zgodnie z \u00a7 5 TMG: Obszar odpowiedzialno\u015bci: Odcisk dotyczy wy\u0142\u0105cznie strony internetowej pod adresem internetowym www.cateedrale.de. Rozgraniczenie: Strona internetowa jest cz\u0119\u015bci\u0105 sieci WWW i w zwi\u0105zku z tym jest powi\u0105zana z zewn\u0119trznymi stronami internetowymi, kt\u00f3re mog\u0105 ulec zmianie w dowolnym momencie, kt\u00f3re w zwi\u0105zku z tym nie podlegaj\u0105 niniejszemu zakresowi odpowiedzialno\u015bci i do kt\u00f3rych [&hellip;]<\/p>\n","protected":false},"author":1,"featured_media":0,"parent":0,"menu_order":0,"comment_status":"closed","ping_status":"closed","template":"","meta":{"footnotes":""},"class_list":["post-1077","page","type-page","status-publish","hentry"],"_links":{"self":[{"href":"https:\/\/cateedrale.de\/startseite\/de\/cateedrale\/wp-json\/wp\/v2\/pages\/1077","targetHints":{"allow":["GET"]}}],"collection":[{"href":"https:\/\/cateedrale.de\/startseite\/de\/cateedrale\/wp-json\/wp\/v2\/pages"}],"about":[{"href":"https:\/\/cateedrale.de\/startseite\/de\/cateedrale\/wp-json\/wp\/v2\/types\/page"}],"author":[{"embeddable":true,"href":"https:\/\/cateedrale.de\/startseite\/de\/cateedrale\/wp-json\/wp\/v2\/users\/1"}],"replies":[{"embeddable":true,"href":"https:\/\/cateedrale.de\/startseite\/de\/cateedrale\/wp-json\/wp\/v2\/comments?post=1077"}],"version-history":[{"count":1,"href":"https:\/\/cateedrale.de\/startseite\/de\/cateedrale\/wp-json\/wp\/v2\/pages\/1077\/revisions"}],"predecessor-version":[{"id":1078,"href":"https:\/\/cateedrale.de\/startseite\/de\/cateedrale\/wp-json\/wp\/v2\/pages\/1077\/revisions\/1078"}],"wp:attachment":[{"href":"https:\/\/cateedrale.de\/startseite\/de\/cateedrale\/wp-json\/wp\/v2\/media?parent=1077"}],"curies":[{"name":"wp","href":"https:\/\/api.w.org\/{rel}","templated":true}]}}