{"id":366,"date":"2024-05-30T12:32:58","date_gmt":"2024-05-30T10:32:58","guid":{"rendered":"http:\/\/cateedrale.de\/?page_id=366"},"modified":"2025-10-21T16:15:00","modified_gmt":"2025-10-21T14:15:00","slug":"unsere-geschichte","status":"publish","type":"page","link":"https:\/\/cateedrale.de\/startseite\/de\/cateedrale\/de\/unsere-geschichte\/","title":{"rendered":"Unsere Geschichte"},"content":{"rendered":"\n<h2 class=\"wp-block-heading has-medium-font-size\" style=\"font-style:normal;font-weight:900\">Die Anf\u00e4nge und Ziele des Vereins<\/h2>\n\n\n\n<p>Die Gr\u00fcndung des freien Tr\u00e4gers <strong>CaTeeDrale e.V.<\/strong> erfolgte im Jahr 1990. Seit 1993 ist der Verein als anerkannter Tr\u00e4ger der freien Jugendhilfe nach \u00a7 75 SGB VIII im Bereich der pr\u00e4ventiven Jugendarbeit t\u00e4tig. Im Jahr 2001 wurde dem Verein die Daueranerkennung ausgesprochen.<\/p>\n\n\n\n<p>Hervorgegangen aus der \u00f6kumenischen Jugendbewegung (Teestube in G\u00f6rlitz), sah der Tr\u00e4ger seine Aufgabe in der F\u00f6rderung von Jugendlichen im Freizeitbereich \u2013 getragen von einem hohen Ma\u00df an Selbstbestimmung und Teilhabe der Jugendlichen entsprechend ihrer individuellen Ressourcen. Diesen Anspruch verfolgten und verfolgen seine Mitglieder insbesondere aus der Erfahrung diktatorisch erlebter Jugendbewegung.<\/p>\n\n\n\n<h2 class=\"wp-block-heading has-medium-font-size\" style=\"font-style:normal;font-weight:900\">Soziales Engagement und \u00dcbergang<\/h2>\n\n\n\n<p>Die inzwischen traditionelle Betreuung von Jugendlichen, die gemeinn\u00fctzige Arbeit leisten m\u00fcssen, steht ebenfalls im Zusammenhang mit fr\u00fcheren Aufgaben, denen sich die \u00f6kumenische Teestube widmete \u2013 etwa durch Besuche bei Ausreisewilligen und sp\u00e4ter Inhaftierten in der G\u00f6rlitzer JVA.<\/p>\n\n\n\n<p>Die Unterst\u00fctzung von Angeh\u00f6rigen und die Begleitung nach der Haftentlassung \u00fcbernahm nach seiner Gr\u00fcndung der G\u00f6rlitzer Straff\u00e4lligenhilfeverein. <strong>CaTeeDrale e.V.<\/strong> konzentrierte sich fortan auf die Betreuung straff\u00e4llig gewordener junger Menschen, die im Verein und Jugendhaus neue Lebensperspektiven entwickeln konnten.<\/p>\n\n\n\n<h2 class=\"wp-block-heading has-medium-font-size\" style=\"font-style:normal;font-weight:900\">Aufbau des Jugendhauses<\/h2>\n\n\n\n<p>1993 begannen Vereinsmitglieder und Jugendliche, das Vereinshaus in G\u00f6rlitz \u2013 ein ehemaliges Werkstattgeb\u00e4ude \u2013 mit Eigenmitteln und F\u00f6rdermitteln des Landes Sachsen umzubauen. Diese F\u00f6rderung war bis 2020 zweckgebunden. Im Januar 1996 er\u00f6ffnete das Jugendhaus auf der <strong>Christoph-L\u00fcders-Stra\u00dfe 47<\/strong> mit Gruppenr\u00e4umen, B\u00fcror\u00e4umen und einem vegetarischen Bistro.<\/p>\n\n\n\n<p>Als Eigent\u00fcmer der Immobilie kann der Verein flexibel auf sich ver\u00e4ndernde Bed\u00fcrfnisse der Jugendlichen reagieren. Im Jahr 2000 wurde eine <strong>Soziale Fahrradwerkstatt<\/strong> integriert, 2011 entstand eine Kletterwand als Ergebnis eines LAP-Projekts. 2013 wurde in Zusammenarbeit mit dem Jobcenter eine <strong>Boulderstrecke<\/strong> im Obergeschoss eingebaut \u2013 geeignet f\u00fcr sicheres horizontales Klettern.<\/p>\n\n\n\n<h2 class=\"wp-block-heading has-medium-font-size\" style=\"font-style:normal;font-weight:900\">Professionalisierung und neue Impulse<\/h2>\n\n\n\n<p>Mit der Einstellung eines Mannes und einer Frau als Fachpersonal (1995 bzw. 1996) und deren berufsbegleitender Qualifikation zum Diplom-Sozialp\u00e4dagogen (2001 bzw. 2005) professionalisierte der Verein seine Arbeit \u2013 auch im Hinblick auf geschlechtsspezifische Angebote. Beide Mitarbeitenden sind seitdem verl\u00e4ssliche Ansprechpersonen f\u00fcr die Besucher*innen.<\/p>\n\n\n\n<p>Seit Februar 2018 konnte durch die Verlagerung einer Fachkraft in die Schulsozialarbeit eine weitere Stelle geschaffen werden. Von 2018 bis 2020 erm\u00f6glichten separate F\u00f6rdermittel zwei befristete Teilzeitstellen f\u00fcr den Betrieb eines <strong>Stadtteilcaf\u00e9s<\/strong>. Seit 2019 wird ein nahegelegenes, selbst gestaltbares <strong>Gartengrundst\u00fcck<\/strong> gepachtet und ein therapeutisches Klettern in Zusammenarbeit mit der Kinder- und Jugendpsychiatrie dauerhaft etabliert.<\/p>\n\n\n\n<h2 class=\"wp-block-heading has-medium-font-size\" style=\"font-style:normal;font-weight:900\">Weiterentwicklung in Pandemiezeiten<\/h2>\n\n\n\n<p>Anfang 2021 wurde eine neue Teilzeitstelle mit einer <strong>Heilp\u00e4dagogin<\/strong> besetzt, die bereits vier Jahre im Bereich der Jugendhilfe t\u00e4tig war. Damit r\u00fcckten <strong>Familienbildung<\/strong>, <strong>M\u00e4dchenarbeit<\/strong> sowie die <strong>Arbeit mit beeintr\u00e4chtigten Kindern und Jugendlichen<\/strong> st\u00e4rker in den Fokus.<\/p>\n\n\n\n<p>W\u00e4hrend der Corona-Pandemie erprobte der Verein neue Wege zur Erreichung der Zielgruppen: virtuelle Kommunikation, kurze Erkl\u00e4r- und Aufgaben-Videos \u00fcber Social Media sowie <strong>Outdoor-Angebote<\/strong> wurden entwickelt. Aus der &#8222;Komm-Struktur&#8220; entstand eine <strong>&#8222;Geh-Struktur&#8220;<\/strong>, mit direkten Angeboten auf Pl\u00e4tzen sowie einem <strong>B\u00fccher- und Spieleregal<\/strong> am Haus.<\/p>\n\n\n\n<p>Das <strong>Kletterangebot<\/strong> wurde 2021 um eine Outdoor-Nachmittagsaktion erweitert, zudem wurden <strong>Familienbildungswochenenden<\/strong> ins Leben gerufen.<\/p>\n\n\n\n<h2 class=\"wp-block-heading has-medium-font-size\" style=\"font-style:normal;font-weight:900\">Aktuelle Projekte und Perspektiven<\/h2>\n\n\n\n<p>2023 konnte erneut erfolgreich das Projekt <strong>&#8222;Kindermiasto&#8220;<\/strong> durchgef\u00fchrt werden. Mithilfe von Drittmitteln entstand \u2013 gemeinsam mit Jugendlichen \u2013 ein mobiler Jugendclub: der <strong>\u201eTiny Club\u201c<\/strong>.<\/p>\n\n\n\n<p>Bis Ende 2024 wurden die Angebote des Jugendhauses von <strong>drei hauptamtlichen Mitarbeiter*innen<\/strong> inhaltlich gestaltet und von zahlreichen <strong>ehrenamtlichen Helfer*innen<\/strong> begleitet.<\/p>\n\n\n\n<h2 class=\"wp-block-heading has-medium-font-size\" style=\"font-style:normal;font-weight:900\"><strong>Ein tiefer Einschnitt ab 2025<\/strong><\/h2>\n\n\n\n<p>Nach \u00fcber 30 Jahren engagierter Arbeit in der Jugendf\u00f6rderung stand dem Verein ab dem Jahr 2025 ein tiefgreifender Wandel bevor: Aufgrund des vollst\u00e4ndigen Wegfalls \u00f6ffentlicher F\u00f6rdermittel im Bereich der Jugendhilfe standen gro\u00dfe Teile der offenen Arbeit vor dem Aus. Dies betraf zahlreiche regelm\u00e4\u00dfig stattfindende Angebote wie Kochkurs, Zeichenkurs, offene B\u00fchne, Gartenprojekt, Fahrradwerkstatt, offenes Klettern mit Familiencaf\u00e9 und Bogenschie\u00dfen ebenso wie zus\u00e4tzliche Projekte \u2013 darunter Skifreizeiten f\u00fcr wirtschaftlich benachteiligte Kinder und Jugendliche, Klettertage in den Osterferien, drei Familienfreizeiten, Sommerfreizeiten mit dem Rad oder am Fels, die Beteiligung an der Kinderstadt mit vier Berufsfeldern, ein zweiw\u00f6chiges au\u00dferschulisches Bildungsprojekt sowie eine Weihnachtsfeier f\u00fcr Kinder und Jugendliche aus einkommensschwachen Familien.<\/p>\n\n\n\n<p>Zum 01.01.2025 endete damit ein gro\u00dfer Teil der offenen Kinder- und Jugendarbeit des Vereins \u2013 einschlie\u00dflich des offenen Jugendhauses, internationaler Jugendbegegnungen sowie vielf\u00e4ltiger Freizeit- und Bildungsangebote.<\/p>\n\n\n\n<h2 class=\"wp-block-heading has-medium-font-size\" style=\"font-style:normal;font-weight:900\"><strong><strong>Trotz allem geht es weiter:<\/strong><\/strong><\/h2>\n\n\n\n<p>Dank zahlreicher Spenden kann der Verein jedoch f\u00fcnf Angebote f\u00fcr mindestens ein weiteres Jahr ehrenamtlich weiterf\u00fchren:<\/p>\n\n\n\n<ul class=\"wp-block-list\">\n<li>die <strong>Fahrrad-Selbsthilfe-Werkstatt<\/strong><\/li>\n\n\n\n<li>den <strong>offenen Malkurs f\u00fcr Kinder<\/strong><\/li>\n\n\n\n<li>das <strong>offene Bouldern und Klettern mit Familiencaf\u00e9<\/strong><\/li>\n\n\n\n<li>das <strong>Bogenschie\u00dfen<\/strong><\/li>\n\n\n\n<li>sowie die <strong>Familienfreizeiten<\/strong><\/li>\n<\/ul>\n\n\n\n<p>Diese Fortf\u00fchrung w\u00e4re ohne das Engagement vieler Menschen nicht m\u00f6glich gewesen. Sie steht zugleich sinnbildlich f\u00fcr den Kern der Vereinsgeschichte: aus eigener Kraft und mit solidarischer Unterst\u00fctzung R\u00e4ume f\u00fcr Teilhabe, Begegnung und Entwicklung zu schaffen.<\/p>\n\n\n<div id=\"pl-gb366-69e9fe59df54f\"  class=\"panel-layout\" ><div id=\"pg-gb366-69e9fe59df54f-0\"  class=\"panel-grid panel-no-style\" ><div id=\"pgc-gb366-69e9fe59df54f-0-0\"  class=\"panel-grid-cell\" ><div id=\"panel-gb366-69e9fe59df54f-0-0-0\" class=\"so-panel widget widget_alg_back_button_wp_widget alg_back_button_wp_widget panel-first-child panel-last-child\" data-index=\"0\" ><input type=\"button\" value=\"Zur\u00fcck\" class=\"alg_back_button_input \" style=\"\" onclick=\"window.history.back()\" \/><\/div><\/div><\/div><\/div>","protected":false},"excerpt":{"rendered":"<p>Die Anf\u00e4nge und Ziele des Vereins Die Gr\u00fcndung des freien Tr\u00e4gers CaTeeDrale e.V. erfolgte im Jahr 1990. Seit 1993 ist der Verein als anerkannter Tr\u00e4ger der freien Jugendhilfe nach \u00a7 75 SGB VIII im Bereich der pr\u00e4ventiven Jugendarbeit t\u00e4tig. Im Jahr 2001 wurde dem Verein die Daueranerkennung ausgesprochen. Hervorgegangen aus der \u00f6kumenischen Jugendbewegung (Teestube in [&hellip;]<\/p>\n","protected":false},"author":1,"featured_media":0,"parent":0,"menu_order":1,"comment_status":"closed","ping_status":"closed","template":"","meta":{"footnotes":""},"class_list":["post-366","page","type-page","status-publish","hentry"],"_links":{"self":[{"href":"https:\/\/cateedrale.de\/startseite\/de\/cateedrale\/wp-json\/wp\/v2\/pages\/366","targetHints":{"allow":["GET"]}}],"collection":[{"href":"https:\/\/cateedrale.de\/startseite\/de\/cateedrale\/wp-json\/wp\/v2\/pages"}],"about":[{"href":"https:\/\/cateedrale.de\/startseite\/de\/cateedrale\/wp-json\/wp\/v2\/types\/page"}],"author":[{"embeddable":true,"href":"https:\/\/cateedrale.de\/startseite\/de\/cateedrale\/wp-json\/wp\/v2\/users\/1"}],"replies":[{"embeddable":true,"href":"https:\/\/cateedrale.de\/startseite\/de\/cateedrale\/wp-json\/wp\/v2\/comments?post=366"}],"version-history":[{"count":3,"href":"https:\/\/cateedrale.de\/startseite\/de\/cateedrale\/wp-json\/wp\/v2\/pages\/366\/revisions"}],"predecessor-version":[{"id":1716,"href":"https:\/\/cateedrale.de\/startseite\/de\/cateedrale\/wp-json\/wp\/v2\/pages\/366\/revisions\/1716"}],"wp:attachment":[{"href":"https:\/\/cateedrale.de\/startseite\/de\/cateedrale\/wp-json\/wp\/v2\/media?parent=366"}],"curies":[{"name":"wp","href":"https:\/\/api.w.org\/{rel}","templated":true}]}}